{"id":7601,"date":"2024-01-05T01:10:13","date_gmt":"2024-01-05T00:10:13","guid":{"rendered":"http:\/\/test.diestelzer.de\/teatro-su-palafitte\/"},"modified":"2024-02-07T01:05:30","modified_gmt":"2024-02-07T00:05:30","slug":"teatro-su-palafitte","status":"publish","type":"page","link":"https:\/\/diestelzer.de\/it\/teatro-su-palafitte\/","title":{"rendered":"Teatro sui trampoli"},"content":{"rendered":"\t\t<div data-elementor-type=\"wp-page\" data-elementor-id=\"7601\" class=\"elementor elementor-7601 elementor-6385\" data-elementor-post-type=\"page\">\n\t\t\t\t\t\t<section class=\"elementor-section elementor-top-section elementor-element elementor-element-509a48d elementor-section-height-min-height elementor-section-boxed elementor-section-height-default elementor-section-items-middle\" data-id=\"509a48d\" data-element_type=\"section\" data-e-type=\"section\" data-settings=\"{&quot;background_background&quot;:&quot;classic&quot;,&quot;jet_parallax_layout_list&quot;:[]}\">\n\t\t\t\t\t\t\t<div class=\"elementor-background-overlay\"><\/div>\n\t\t\t\t\t\t\t<div class=\"elementor-container elementor-column-gap-no\">\n\t\t\t\t\t<div class=\"elementor-column elementor-col-100 elementor-top-column elementor-element elementor-element-5ef8a6c\" data-id=\"5ef8a6c\" data-element_type=\"column\" data-e-type=\"column\">\n\t\t\t<div class=\"elementor-widget-wrap elementor-element-populated\">\n\t\t\t\t\t\t<div class=\"elementor-element elementor-element-3fe7c7f elementor-widget elementor-widget-heading\" data-id=\"3fe7c7f\" data-element_type=\"widget\" data-e-type=\"widget\" data-widget_type=\"heading.default\">\n\t\t\t\t<div class=\"elementor-widget-container\">\n\t\t\t\t\t<h1 class=\"elementor-heading-title elementor-size-default\">Teatro sui trampoli<\/h1>\t\t\t\t<\/div>\n\t\t\t\t<\/div>\n\t\t\t\t\t<\/div>\n\t\t<\/div>\n\t\t\t\t\t<\/div>\n\t\t<\/section>\n\t\t\t\t<section class=\"elementor-section elementor-top-section elementor-element elementor-element-34f84307 elementor-section-boxed elementor-section-height-default elementor-section-height-default\" data-id=\"34f84307\" data-element_type=\"section\" data-e-type=\"section\" data-settings=\"{&quot;jet_parallax_layout_list&quot;:[]}\">\n\t\t\t\t\t\t<div class=\"elementor-container elementor-column-gap-default\">\n\t\t\t\t\t<div class=\"elementor-column elementor-col-100 elementor-top-column elementor-element elementor-element-6ea074db\" data-id=\"6ea074db\" data-element_type=\"column\" data-e-type=\"column\">\n\t\t\t<div class=\"elementor-widget-wrap elementor-element-populated\">\n\t\t\t\t\t\t<div class=\"elementor-element elementor-element-6454163c elementor-widget elementor-widget-heading\" data-id=\"6454163c\" data-element_type=\"widget\" data-e-type=\"widget\" data-widget_type=\"heading.default\">\n\t\t\t\t<div class=\"elementor-widget-container\">\n\t\t\t\t\t<h1 class=\"elementor-heading-title elementor-size-default\">Il genere<\/h1>\t\t\t\t<\/div>\n\t\t\t\t<\/div>\n\t\t\t\t<div class=\"elementor-element elementor-element-28edaf21 elementor-widget elementor-widget-text-editor\" data-id=\"28edaf21\" data-element_type=\"widget\" data-e-type=\"widget\" data-widget_type=\"text-editor.default\">\n\t\t\t\t<div class=\"elementor-widget-container\">\n\t\t\t\t\t\t\t\t\t<p>Teatro sui trampoli<\/p>\n\t\t\t\t\t\t\t\t<\/div>\n\t\t\t\t<\/div>\n\t\t\t\t<section class=\"elementor-section elementor-inner-section elementor-element elementor-element-3ad9782b elementor-section-boxed elementor-section-height-default elementor-section-height-default\" data-id=\"3ad9782b\" data-element_type=\"section\" data-e-type=\"section\" data-settings=\"{&quot;jet_parallax_layout_list&quot;:[]}\">\n\t\t\t\t\t\t<div class=\"elementor-container elementor-column-gap-default\">\n\t\t\t\t\t<div class=\"elementor-column elementor-col-50 elementor-inner-column elementor-element elementor-element-40163227\" data-id=\"40163227\" data-element_type=\"column\" data-e-type=\"column\">\n\t\t\t<div class=\"elementor-widget-wrap elementor-element-populated\">\n\t\t\t\t\t\t<div class=\"elementor-element elementor-element-6450e4df elementor-widget elementor-widget-text-editor\" data-id=\"6450e4df\" data-element_type=\"widget\" data-e-type=\"widget\" data-widget_type=\"text-editor.default\">\n\t\t\t\t<div class=\"elementor-widget-container\">\n\t\t\t\t\t\t\t\t\t<p data-pm-slice=\"2 2 []\"><span class=\"output-sentence sentence\">L&#8217;ensemble non utilizza deliberatamente effetti tecnici, tecnologia del suono o scenografie.<\/span> <span class=\"output-sentence\">Gli attori lasciano lo spazio chiuso del palcoscenico e si esibiscono invece in mezzo al pubblico.<\/span> <span class=\"output-sentence\">Per essere visibili, operano su trampoli alti fino a 1,60 metri.<\/span> <span class=\"output-sentence\">Oltre al loro talento recitativo, mostrano anche un perfetto controllo del corpo.<\/span><\/p><\/p>\n\t\t\t\t\t\t\t\t<\/div>\n\t\t\t\t<\/div>\n\t\t\t\t\t<\/div>\n\t\t<\/div>\n\t\t\t\t<div class=\"elementor-column elementor-col-50 elementor-inner-column elementor-element elementor-element-798a8ed\" data-id=\"798a8ed\" data-element_type=\"column\" data-e-type=\"column\">\n\t\t\t<div class=\"elementor-widget-wrap elementor-element-populated\">\n\t\t\t\t\t\t<div class=\"elementor-element elementor-element-68209b32 elementor-widget elementor-widget-text-editor\" data-id=\"68209b32\" data-element_type=\"widget\" data-e-type=\"widget\" data-widget_type=\"text-editor.default\">\n\t\t\t\t<div class=\"elementor-widget-container\">\n\t\t\t\t\t\t\t\t\t<p><span style=\"font-family: var( --e-global-typography-text-font-family ), Serif; font-style: var( --e-global-typography-text-font-style ); font-weight: var( --e-global-typography-text-font-weight ); letter-spacing: var( --e-global-typography-text-letter-spacing ); text-transform: var( --e-global-typography-text-text-transform ); word-spacing: var( --e-global-typography-text-word-spacing );\">L&#8217;ensemble si \u00e8 fatto un nome a livello internazionale sviluppando il genere del &#8220;teatro sui trampoli&#8221;.<\/span><\/p>\n\t\t\t\t\t\t\t\t<\/div>\n\t\t\t\t<\/div>\n\t\t\t\t\t<\/div>\n\t\t<\/div>\n\t\t\t\t\t<\/div>\n\t\t<\/section>\n\t\t\t\t\t<\/div>\n\t\t<\/div>\n\t\t\t\t\t<\/div>\n\t\t<\/section>\n\t\t\t\t<section class=\"elementor-section elementor-top-section elementor-element elementor-element-3aac6bee elementor-section-boxed elementor-section-height-default elementor-section-height-default\" data-id=\"3aac6bee\" data-element_type=\"section\" data-e-type=\"section\" data-settings=\"{&quot;jet_parallax_layout_list&quot;:[]}\">\n\t\t\t\t\t\t<div class=\"elementor-container elementor-column-gap-default\">\n\t\t\t\t\t<div class=\"elementor-column elementor-col-100 elementor-top-column elementor-element elementor-element-69564203\" data-id=\"69564203\" data-element_type=\"column\" data-e-type=\"column\">\n\t\t\t<div class=\"elementor-widget-wrap elementor-element-populated\">\n\t\t\t\t\t\t<div class=\"elementor-element elementor-element-3aa8efca elementor-widget elementor-widget-heading\" data-id=\"3aa8efca\" data-element_type=\"widget\" data-e-type=\"widget\" data-widget_type=\"heading.default\">\n\t\t\t\t<div class=\"elementor-widget-container\">\n\t\t\t\t\t<h3 class=\"elementor-heading-title elementor-size-default\">Il genere - teatro su trampoli<\/h3>\t\t\t\t<\/div>\n\t\t\t\t<\/div>\n\t\t\t\t<div class=\"elementor-element elementor-element-6f8ba7ca elementor-widget elementor-widget-text-editor\" data-id=\"6f8ba7ca\" data-element_type=\"widget\" data-e-type=\"widget\" data-widget_type=\"text-editor.default\">\n\t\t\t\t<div class=\"elementor-widget-container\">\n\t\t\t\t\t\t\t\t\t<p data-pm-slice=\"2 2 []\"><span class=\"output-sentence\">Chi lascia il teatro tradizionale nello spazio scenico chiuso e recita all&#8217;esterno<br \/>abbandona le circostanze ordinate e prevedibili.<\/span> <span class=\"output-sentence\">Ritorna ai luoghi originari del teatro &#8211; l&#8217;agor\u00e0 dei greci, il mercato, la strada.<\/span><\/p>\n<p><span class=\"output-sentence\">Per essere visibile in questi luoghi, l&#8217;attore utilizza dei trampoli.<\/span> <span class=\"output-sentence\">Sono il palcoscenico pi\u00f9 piccolo, una superficie che non \u00e8 nemmeno grande come una scarpa, ma che crea comunque una stretta connessione con il pubblico.<\/span> <span class=\"output-sentence\">Gli attori si esibiscono in mezzo al pubblico, a un&#8217;altezza compresa tra mezzo metro e due metri.<\/span> <span class=\"output-sentence\">Ci\u00f2 richiede un controllo assoluto del corpo.<\/span><\/p>\n<p><span class=\"output-sentence\">L&#8217;attore sui trampoli entra in una stanza che non gli appartiene di per s\u00e9.<\/span> <span class=\"output-sentence\">Deve prima conquistare il luogo: deve essere in grado di attirare l&#8217;attenzione del pubblico con un gesto &#8211; questo \u00e8 possibile, ma c&#8217;\u00e8 anche il rischio di fallire.<\/span><\/p>\n<p><span class=\"output-sentence\">Questo d\u00e0 forma alle caratteristiche e all&#8217;estetica del teatro su palafitte.<\/span> <span class=\"output-sentence\">Solo ci\u00f2 che \u00e8 convincente e genuino avr\u00e0 il potere di affascinare lo spettatore, anche senza effetti tecnici.<\/span> <span class=\"output-sentence\">Gli oggetti di scena sono come quelli di mille anni fa: Bastoni, sacchi per sussurrare, maschere, scarpe alte e trampoli.<\/span><\/p>\n<p><span class=\"output-sentence\">Quando anche l&#8217;attore parla, deve affrontare le condizioni dure e spietate del mercato.<\/span> <span class=\"output-sentence\">Nessun suono di campane ci ricorda di riposare.<\/span> <span class=\"output-sentence\">Questo spettacolo teatrale \u00e8 determinato da altri elementi: Bisogna distillare l&#8217;essenziale dai testi, condensare le trame, visualizzare strutture complesse.<\/span> <span class=\"output-sentence\">Il pubblico stesso forma lo spazio teatrale.<\/span> <span class=\"output-sentence\">In questo modo il pubblico diventa parte diretta dello spettacolo.<\/span> <span class=\"output-sentence\">Questa immediatezza richiede una presenza speciale da parte degli attori.<\/span> <\/p>\n<p><span class=\"output-sentence\">Gli incontri tra i passanti e il teatro creano costantemente nuove situazioni per tutte le persone coinvolte: un cane spaventato abbaia, una carrozzina blocca la strada, le madri salvano i loro bambini che corrono.<\/span> <span class=\"output-sentence\">Chi suona per strada deve reagire spontaneamente alle circostanze mutevoli del luogo e del pubblico.<\/span> <span class=\"output-sentence\">Deve sempre aspettarsi l&#8217;inaspettato.<\/span> <span class=\"output-sentence\">Questa forma di teatro trasforma strade, piazze e parchi in spazi teatrali in cui diventano visibili contesti sorprendentemente diversi rispetto alla loro reale destinazione.<\/span> <span class=\"output-sentence\">Il &#8220;teatro su palafitte&#8221; \u00e8 una delle forme di espressione pi\u00f9 vivaci e dirette della cultura urbana.<\/span><\/p>\n<p><span class=\"output-sentence\">In queste diverse condizioni, le performance hanno un carattere particolarmente unico.<\/span> <span class=\"output-sentence\">Ogni produzione viene creata come variazione di una versione sviluppata.<\/span><\/p>\n\t\t\t\t\t\t\t\t<\/div>\n\t\t\t\t<\/div>\n\t\t\t\t<div class=\"elementor-element elementor-element-3ce6b9c5 elementor-widget elementor-widget-heading\" data-id=\"3ce6b9c5\" data-element_type=\"widget\" data-e-type=\"widget\" data-widget_type=\"heading.default\">\n\t\t\t\t<div class=\"elementor-widget-container\">\n\t\t\t\t\t<h3 class=\"elementor-heading-title elementor-size-default\">Premi e onorificenze<\/h3>\t\t\t\t<\/div>\n\t\t\t\t<\/div>\n\t\t\t\t<div class=\"elementor-element elementor-element-a289bbf elementor-widget elementor-widget-text-editor\" data-id=\"a289bbf\" data-element_type=\"widget\" data-e-type=\"widget\" data-widget_type=\"text-editor.default\">\n\t\t\t\t<div class=\"elementor-widget-container\">\n\t\t\t\t\t\t\t\t\t<p><span style=\"color: #000000; font-family: 'PT Sans', serif; white-space-collapse: preserve;\">Premio d&#8217;arte Ellinor Holland 2012: <\/span><font color=\"#000000\"><br \/>\n  <span style=\"white-space-collapse: preserve;\">La produzione &#8220;Licca Line &#8211; un lungo viaggio verso la leggendaria Damasia&#8221; \u00e8 stata premiata con l&#8217;Ellinor Holland Art Prize del Landsberger Tagblatt nel 2012.<\/span><br \/>\n<\/font><span style=\"color: rgb(0, 0, 0); white-space-collapse: preserve; font-style: var( --e-global-typography-text-font-style ); font-weight: var( --e-global-typography-text-font-weight ); letter-spacing: var( --e-global-typography-text-letter-spacing ); text-transform: var( --e-global-typography-text-text-transform ); word-spacing: var( --e-global-typography-text-word-spacing );\"> <\/span><\/p>\n\t\t\t\t\t\t\t\t<\/div>\n\t\t\t\t<\/div>\n\t\t\t\t<div class=\"elementor-element elementor-element-6e3a8aab elementor-widget-divider--view-line elementor-widget elementor-widget-divider\" data-id=\"6e3a8aab\" data-element_type=\"widget\" data-e-type=\"widget\" data-widget_type=\"divider.default\">\n\t\t\t\t<div class=\"elementor-widget-container\">\n\t\t\t\t\t\t\t<div class=\"elementor-divider\">\n\t\t\t<span class=\"elementor-divider-separator\">\n\t\t\t\t\t\t<\/span>\n\t\t<\/div>\n\t\t\t\t\t\t<\/div>\n\t\t\t\t<\/div>\n\t\t\t\t\t<\/div>\n\t\t<\/div>\n\t\t\t\t\t<\/div>\n\t\t<\/section>\n\t\t\t\t<section class=\"elementor-section elementor-top-section elementor-element elementor-element-4e24f4a1 elementor-section-boxed elementor-section-height-default elementor-section-height-default\" data-id=\"4e24f4a1\" data-element_type=\"section\" data-e-type=\"section\" data-settings=\"{&quot;background_background&quot;:&quot;classic&quot;,&quot;jet_parallax_layout_list&quot;:[]}\">\n\t\t\t\t\t\t\t<div class=\"elementor-background-overlay\"><\/div>\n\t\t\t\t\t\t\t<div class=\"elementor-container elementor-column-gap-default\">\n\t\t\t\t\t<div class=\"elementor-column elementor-col-100 elementor-top-column elementor-element elementor-element-5ec99b41\" data-id=\"5ec99b41\" data-element_type=\"column\" data-e-type=\"column\" data-settings=\"{&quot;background_background&quot;:&quot;classic&quot;}\">\n\t\t\t<div class=\"elementor-widget-wrap\">\n\t\t\t\t\t\t\t<\/div>\n\t\t<\/div>\n\t\t\t\t\t<\/div>\n\t\t<\/section>\n\t\t\t\t<\/div>\n\t\t","protected":false},"excerpt":{"rendered":"<p>Teatro sui trampoli Il genere Teatro sui trampoli L&#8217;ensemble non utilizza deliberatamente effetti tecnici, tecnologia del suono o scenografie. Gli attori lasciano lo spazio chiuso del palcoscenico e si esibiscono invece in mezzo al pubblico. Per essere visibili, operano su trampoli alti fino a 1,60 metri. Oltre al loro talento recitativo, mostrano anche un perfetto [&hellip;]<\/p>\n","protected":false},"author":1,"featured_media":0,"parent":0,"menu_order":0,"comment_status":"closed","ping_status":"closed","template":"elementor_theme","meta":{"_acf_changed":false,"footnotes":""},"class_list":["post-7601","page","type-page","status-publish","hentry"],"acf":[],"_links":{"self":[{"href":"https:\/\/diestelzer.de\/it\/wp-json\/wp\/v2\/pages\/7601","targetHints":{"allow":["GET"]}}],"collection":[{"href":"https:\/\/diestelzer.de\/it\/wp-json\/wp\/v2\/pages"}],"about":[{"href":"https:\/\/diestelzer.de\/it\/wp-json\/wp\/v2\/types\/page"}],"author":[{"embeddable":true,"href":"https:\/\/diestelzer.de\/it\/wp-json\/wp\/v2\/users\/1"}],"replies":[{"embeddable":true,"href":"https:\/\/diestelzer.de\/it\/wp-json\/wp\/v2\/comments?post=7601"}],"version-history":[{"count":3,"href":"https:\/\/diestelzer.de\/it\/wp-json\/wp\/v2\/pages\/7601\/revisions"}],"predecessor-version":[{"id":7669,"href":"https:\/\/diestelzer.de\/it\/wp-json\/wp\/v2\/pages\/7601\/revisions\/7669"}],"wp:attachment":[{"href":"https:\/\/diestelzer.de\/it\/wp-json\/wp\/v2\/media?parent=7601"}],"curies":[{"name":"wp","href":"https:\/\/api.w.org\/{rel}","templated":true}]}}